{"id":4377,"date":"2025-11-27T08:25:14","date_gmt":"2025-11-27T08:25:14","guid":{"rendered":"https:\/\/orqueahomefinish.com\/?page_id=4377"},"modified":"2025-11-27T11:21:22","modified_gmt":"2025-11-27T11:21:22","slug":"conception-interieure","status":"publish","type":"page","link":"https:\/\/orqueahomefinish.com\/index.php\/conception-interieure\/","title":{"rendered":"Conception Int\u00e9rieure"},"content":{"rendered":"\t\t<div data-elementor-type=\"wp-page\" data-elementor-id=\"4377\" class=\"elementor elementor-4377\" data-elementor-post-type=\"page\">\n\t\t\t\t<div class=\"elementor-element elementor-element-7439239 e-flex e-con-boxed e-con e-parent\" data-id=\"7439239\" data-element_type=\"container\" data-settings=\"{&quot;background_background&quot;:&quot;video&quot;,&quot;background_video_link&quot;:&quot;https:\\\/\\\/orqueahomefinish.com\\\/wp-content\\\/uploads\\\/2025\\\/11\\\/modern-luxury-house-exterior-with-evening-light-2025-10-17-00-21-23-utc.mp4&quot;,&quot;background_video_start&quot;:0,&quot;background_play_on_mobile&quot;:&quot;yes&quot;}\">\n\t\t\t\t\t<div class=\"e-con-inner\">\n\t\t<div class=\"elementor-background-video-container\" aria-hidden=\"true\">\n\t\t\t\t\t\t\t<video class=\"elementor-background-video-hosted\" autoplay muted playsinline loop><\/video>\n\t\t\t\t\t<\/div>\t\t<div class=\"elementor-element elementor-element-809ddf7 elementor-widget elementor-widget-rr-heading\" data-id=\"809ddf7\" data-element_type=\"widget\" data-widget_type=\"rr-heading.default\">\n\t\t\t\t<div class=\"elementor-widget-container\">\n\t\t\t\t\t\r\n\r\n<div class=\"section__title-wrapper mb-45 mb-xs-40 rr-el-section\">\r\n    <span\r\n        class=\"section__subtitle justify-content-center rr-el-subtitle\"><\/span>\r\n    <h2 class=\"section__title mb-25 title-animation rr-el-title\">CONCEPTION INT\u00c9RIEURE\n<\/h2>    <p class=\"mb-0 rr-el-content\"><\/p>\r\n<\/div>\r\n\t\t\t\t<\/div>\n\t\t\t\t<\/div>\n\t\t\t\t\t<\/div>\n\t\t\t\t<\/div>\n\t\t<div class=\"elementor-element elementor-element-834be2c e-flex e-con-boxed e-con e-parent\" data-id=\"834be2c\" data-element_type=\"container\">\n\t\t\t\t\t<div class=\"e-con-inner\">\n\t\t\t\t<div class=\"elementor-element elementor-element-0518890 elementor-widget__width-initial elementor-widget-mobile__width-inherit elementor-widget-tablet__width-inherit elementor-widget elementor-widget-rr-heading\" data-id=\"0518890\" data-element_type=\"widget\" data-widget_type=\"rr-heading.default\">\n\t\t\t\t<div class=\"elementor-widget-container\">\n\t\t\t\t\t\r\n\r\n<div class=\"section__title-wrapper mb-45 mb-xs-40 rr-el-section\">\r\n    <span\r\n        class=\"section__subtitle justify-content-center rr-el-subtitle\"><\/span>\r\n    <h2 class=\"section__title mb-25 title-animation rr-el-title\">CONCEPTION INT\u00c9RIEURE\n<\/h2>    <p class=\"mb-0 rr-el-content\">Chez Orquea, nous transformons vos id\u00e9es en espaces int\u00e9rieurs d\u2019exception. Notre \u00e9quipe met \u00e0 votre service son savoir\u2011faire pour concevoir des am\u00e9nagements sur mesure qui allient \u00e9l\u00e9gance, ergonomie et durabilit\u00e9.\nQue ce soit pour un dressing parfaitement organis\u00e9, une cuisine \u00e9quip\u00e9e pens\u00e9e dans les moindres d\u00e9tails, ou encore une salle de bains moderne et fonctionnelle, nous cr\u00e9ons des solutions uniques adapt\u00e9es \u00e0 votre mode de vie.\nNous analysons votre espace, vos besoins et vos pr\u00e9f\u00e9rences esth\u00e9tiques afin de vous proposer un design personnalis\u00e9, harmonieux et optimis\u00e9. Chaque r\u00e9alisation est fabriqu\u00e9e avec pr\u00e9cision et pens\u00e9e pour durer dans le temps.\nVotre int\u00e9rieur devient un lieu qui vous ressemble, o\u00f9 chaque \u00e9l\u00e9ment est con\u00e7u pour apporter confort et beaut\u00e9 au quotidien.\nGr\u00e2ce \u00e0 notre acc\u00e8s privil\u00e9gi\u00e9 \u00e0 des usines de pointe, sp\u00e9cialis\u00e9es dans la fabrication de mobilier haut de gamme, nous sommes en mesure de vous offrir des meubles d\u2019exception tout en garantissant des tarifs ultra comp\u00e9titifs. Nos partenariats industriels nous permettent de proposer des r\u00e9ductions allant de 20 % \u00e0 50 %, sans jamais compromettre la qualit\u00e9 ni la durabilit\u00e9.\n\n<\/p>\r\n<\/div>\r\n\t\t\t\t<\/div>\n\t\t\t\t<\/div>\n\t\t\t\t<div class=\"elementor-element elementor-element-3c292c0 elementor-widget__width-initial elementor-widget-mobile__width-inherit elementor-widget elementor-widget-rr-heading\" data-id=\"3c292c0\" data-element_type=\"widget\" data-widget_type=\"rr-heading.default\">\n\t\t\t\t<div class=\"elementor-widget-container\">\n\t\t\t\t\t\r\n\r\n<div class=\"section__title-wrapper mb-45 mb-xs-40 rr-el-section\">\r\n    <span\r\n        class=\"section__subtitle justify-content-center rr-el-subtitle\"><\/span>\r\n    <h2 class=\"section__title mb-25 title-animation rr-el-title\"> CONTACTEZ-NOUS POUR UN DEVIS PERSONNALIS\u00c9 :  ANALYSE DE VOTRE ESPACE.\nCHOIX DES MAT\u00c9RIAUX ET FINITIONS.  PROPOSITION 3D.\nFABRICATION &amp; ENVOI PARTOUT DANS LE MONDE.\nVOTRE INT\u00c9RIEUR, VOTRE STYLE, NOTRE EXPERTISE.\n<\/h2>    <p class=\"mb-0 rr-el-content\"><\/p>\r\n<\/div>\r\n\t\t\t\t<\/div>\n\t\t\t\t<\/div>\n\t\t\t\t<div class=\"elementor-element elementor-element-e9cb8df elementor-widget elementor-widget-rr-button\" data-id=\"e9cb8df\" data-element_type=\"widget\" data-widget_type=\"rr-button.default\">\n\t\t\t\t<div class=\"elementor-widget-container\">\n\t\t\t\t\t\r\n<div class=\"rr-el-section\">\r\n<a class=\"rr-btn rr-el-btn \" href=\"https:\/\/orqueahomefinish.com\/index.php\/contact\/\" target=\"_blank\" rel=\"nofollow\">\r\n    <span class=\"btn-wrap\">\r\n        <span class=\"text-one rr-el-btn\">NOUS CONTACTER<\/span>\r\n        <span class=\"text-two rr-el-btn\">NOUS CONTACTER<\/span>\r\n    <\/span>\r\n<\/a>\r\n<\/div>\r\n\r\n\t\t\t\t<\/div>\n\t\t\t\t<\/div>\n\t\t\t\t\t<\/div>\n\t\t\t\t<\/div>\n\t\t<div class=\"elementor-element elementor-element-754acd9 e-con-full e-flex e-con e-parent\" data-id=\"754acd9\" data-element_type=\"container\">\n\t\t\t\t<div class=\"elementor-element elementor-element-e6e0616 elementor-widget elementor-widget-image\" data-id=\"e6e0616\" data-element_type=\"widget\" data-widget_type=\"image.default\">\n\t\t\t\t\t\t\t\t\t\t\t\t\t\t\t<img fetchpriority=\"high\" decoding=\"async\" width=\"2205\" height=\"1224\" src=\"https:\/\/orqueahomefinish.com\/wp-content\/uploads\/2025\/11\/Mother-child-10.png\" class=\"attachment-full size-full wp-image-2638\" alt=\"\" srcset=\"https:\/\/orqueahomefinish.com\/wp-content\/uploads\/2025\/11\/Mother-child-10.png 2205w, https:\/\/orqueahomefinish.com\/wp-content\/uploads\/2025\/11\/Mother-child-10-300x167.png 300w, https:\/\/orqueahomefinish.com\/wp-content\/uploads\/2025\/11\/Mother-child-10-1024x568.png 1024w, https:\/\/orqueahomefinish.com\/wp-content\/uploads\/2025\/11\/Mother-child-10-768x426.png 768w, https:\/\/orqueahomefinish.com\/wp-content\/uploads\/2025\/11\/Mother-child-10-1536x853.png 1536w, https:\/\/orqueahomefinish.com\/wp-content\/uploads\/2025\/11\/Mother-child-10-2048x1137.png 2048w\" sizes=\"(max-width: 2205px) 100vw, 2205px\" \/>\t\t\t\t\t\t\t\t\t\t\t\t\t\t\t<\/div>\n\t\t\t\t<\/div>\n\t\t<div class=\"elementor-element elementor-element-a1beee3 e-flex e-con-boxed e-con e-parent\" data-id=\"a1beee3\" data-element_type=\"container\">\n\t\t\t\t\t<div class=\"e-con-inner\">\n\t\t<div class=\"elementor-element elementor-element-c78649e e-con-full e-flex e-con e-child\" data-id=\"c78649e\" data-element_type=\"container\" data-settings=\"{&quot;background_background&quot;:&quot;classic&quot;}\">\n\t\t\t\t<div class=\"elementor-element elementor-element-0a2a49e elementor-widget elementor-widget-rr-heading\" data-id=\"0a2a49e\" data-element_type=\"widget\" data-widget_type=\"rr-heading.default\">\n\t\t\t\t<div class=\"elementor-widget-container\">\n\t\t\t\t\t\r\n\r\n<div class=\"section__title-wrapper mb-45 mb-xs-40 rr-el-section\">\r\n    <span\r\n        class=\"section__subtitle justify-content-center rr-el-subtitle\"><\/span>\r\n    <h2 class=\"section__title mb-25 title-animation rr-el-title\">MAT\u00c9RIAUX :<br>\n QUALIT\u00c9 &amp; POLYVALENCE\n<\/h2>    <p class=\"mb-0 rr-el-content\">NOUS MA\u00ceTRISONS LE TRAVAIL DE PLUSIEURS MAT\u00c9RIAUX POUR R\u00c9PONDRE \u00c0 TOUS LES BESOINS :\nMDF : ID\u00c9AL POUR LES SURFACES PEINTES ET LES DESIGNS MODERNES.\nAGGLOM\u00c9R\u00c9 : \u00c9CONOMIQUE ET PARFAITEMENT ADAPT\u00c9 AUX AM\u00c9NAGEMENTS FONCTIONNELS.\nCONTREPLAQU\u00c9 : ROBUSTE, STABLE ET R\u00c9SISTANT \u00c0 L\u2019HUMIDIT\u00c9.\nBOIS MASSIF : POUR UN RENDU HAUT DE GAMME, AUTHENTIQUE ET DURABLE.\nPANNEAUX ALV\u00c9OLAIRES : L\u00c9GERS ET SOLIDES, PARFAITS POUR DE GRANDES SURFACES.\n<\/p>\r\n<\/div>\r\n\t\t\t\t<\/div>\n\t\t\t\t<\/div>\n\t\t\t\t<\/div>\n\t\t<div class=\"elementor-element elementor-element-0e35c2d e-con-full e-flex e-con e-child\" data-id=\"0e35c2d\" data-element_type=\"container\" data-settings=\"{&quot;background_background&quot;:&quot;classic&quot;}\">\n\t\t\t\t<div class=\"elementor-element elementor-element-0f2b400 elementor-widget elementor-widget-rr-heading\" data-id=\"0f2b400\" data-element_type=\"widget\" data-widget_type=\"rr-heading.default\">\n\t\t\t\t<div class=\"elementor-widget-container\">\n\t\t\t\t\t\r\n\r\n<div class=\"section__title-wrapper mb-45 mb-xs-40 rr-el-section\">\r\n    <span\r\n        class=\"section__subtitle justify-content-center rr-el-subtitle\"><\/span>\r\n    <h2 class=\"section__title mb-25 title-animation rr-el-title\">FINITIONS HAUT DE GAMME\n\n<\/h2>    <p class=\"mb-0 rr-el-content\">NOUS ACCORDONS UNE ATTENTION PARTICULI\u00c8RE AUX FINITIONS :\nPLACAGE, PEINTURE, LAQUAGE, M\u00c9LAMIN\u00c9, STRATIFI\u00c9\u2026\nLARGE CHOIX DE TEXTURES, COULEURS ET EFFETS.\nSURFACES PARFAITEMENT LISSES OU AU CONTRAIRE TEXTUR\u00c9ES SELON VOTRE STYLE.\n<\/p>\r\n<\/div>\r\n\t\t\t\t<\/div>\n\t\t\t\t<\/div>\n\t\t\t\t<\/div>\n\t\t<div class=\"elementor-element elementor-element-0e8abf6 e-con-full e-flex e-con e-child\" data-id=\"0e8abf6\" data-element_type=\"container\" data-settings=\"{&quot;background_background&quot;:&quot;classic&quot;}\">\n\t\t\t\t<div class=\"elementor-element elementor-element-b64c53b elementor-widget elementor-widget-rr-heading\" data-id=\"b64c53b\" data-element_type=\"widget\" data-widget_type=\"rr-heading.default\">\n\t\t\t\t<div class=\"elementor-widget-container\">\n\t\t\t\t\t\r\n\r\n<div class=\"section__title-wrapper mb-45 mb-xs-40 rr-el-section\">\r\n    <span\r\n        class=\"section__subtitle justify-content-center rr-el-subtitle\"><\/span>\r\n    <h2 class=\"section__title mb-25 title-animation rr-el-title\">TRAVAIL DES CHANTS\n\n<\/h2>    <p class=\"mb-0 rr-el-content\">LES CHANTS SONT ESSENTIELS POUR GARANTIR LA DURABILIT\u00c9 ET L\u2019ESTH\u00c9TIQUE DU MOBILIER :\nCHANTS ABS, PVC, PLACAGE BOIS, OU BOIS MASSIF.\nCOLLAGE HAUTE QUALIT\u00c9 POUR \u00c9VITER L\u2019USURE ET L\u2019HUMIDIT\u00c9.\nFINITION \u00c9L\u00c9GANTE ET PARFAITEMENT ALIGN\u00c9E AVEC VOS PANNEAUX.\n<\/p>\r\n<\/div>\r\n\t\t\t\t<\/div>\n\t\t\t\t<\/div>\n\t\t\t\t<\/div>\n\t\t\t\t\t<\/div>\n\t\t\t\t<\/div>\n\t\t\t\t<\/div>\n\t\t","protected":false},"excerpt":{"rendered":"<p>CONCEPTION INT\u00c9RIEURE CONCEPTION INT\u00c9RIEURE Chez Orquea, nous transformons vos id\u00e9es en espaces int\u00e9rieurs d\u2019exception. Notre \u00e9quipe met \u00e0 votre service son savoir\u2011faire pour concevoir des am\u00e9nagements sur mesure qui allient \u00e9l\u00e9gance, ergonomie et durabilit\u00e9. Que ce soit pour un dressing parfaitement organis\u00e9, une cuisine \u00e9quip\u00e9e pens\u00e9e dans les moindres d\u00e9tails, ou encore une salle de [&hellip;]<\/p>\n","protected":false},"author":1,"featured_media":0,"parent":0,"menu_order":0,"comment_status":"closed","ping_status":"closed","template":"elementor_header_footer","meta":{"footnotes":""},"class_list":["post-4377","page","type-page","status-publish","hentry"],"jetpack_sharing_enabled":true,"_links":{"self":[{"href":"https:\/\/orqueahomefinish.com\/index.php\/wp-json\/wp\/v2\/pages\/4377","targetHints":{"allow":["GET"]}}],"collection":[{"href":"https:\/\/orqueahomefinish.com\/index.php\/wp-json\/wp\/v2\/pages"}],"about":[{"href":"https:\/\/orqueahomefinish.com\/index.php\/wp-json\/wp\/v2\/types\/page"}],"author":[{"embeddable":true,"href":"https:\/\/orqueahomefinish.com\/index.php\/wp-json\/wp\/v2\/users\/1"}],"replies":[{"embeddable":true,"href":"https:\/\/orqueahomefinish.com\/index.php\/wp-json\/wp\/v2\/comments?post=4377"}],"version-history":[{"count":70,"href":"https:\/\/orqueahomefinish.com\/index.php\/wp-json\/wp\/v2\/pages\/4377\/revisions"}],"predecessor-version":[{"id":4464,"href":"https:\/\/orqueahomefinish.com\/index.php\/wp-json\/wp\/v2\/pages\/4377\/revisions\/4464"}],"wp:attachment":[{"href":"https:\/\/orqueahomefinish.com\/index.php\/wp-json\/wp\/v2\/media?parent=4377"}],"curies":[{"name":"wp","href":"https:\/\/api.w.org\/{rel}","templated":true}]}}