{"id":489,"date":"2024-10-05T10:12:58","date_gmt":"2024-10-05T10:12:58","guid":{"rendered":"https:\/\/wp.rrdevs.net\/artima\/?page_id=489"},"modified":"2025-11-28T06:48:56","modified_gmt":"2025-11-28T06:48:56","slug":"about-us","status":"publish","type":"page","link":"https:\/\/orqueahomefinish.com\/index.php\/about-us\/","title":{"rendered":"About Us"},"content":{"rendered":"\t\t<div data-elementor-type=\"wp-page\" data-elementor-id=\"489\" class=\"elementor elementor-489\" data-elementor-post-type=\"page\">\n\t\t\t\t<div class=\"elementor-element elementor-element-ed4ae0c e-flex e-con-boxed e-con e-parent\" data-id=\"ed4ae0c\" data-element_type=\"container\" data-settings=\"{&quot;background_background&quot;:&quot;gradient&quot;}\">\n\t\t\t\t\t<div class=\"e-con-inner\">\n\t\t\t\t<div class=\"elementor-element elementor-element-7400218 elementor-widget elementor-widget-heading\" data-id=\"7400218\" data-element_type=\"widget\" data-widget_type=\"heading.default\">\n\t\t\t\t\t<h2 class=\"elementor-heading-title elementor-size-default\">\u00c0 propos de nous<\/h2>\t\t\t\t<\/div>\n\t\t\t\t\t<\/div>\n\t\t\t\t<\/div>\n\t\t<div class=\"elementor-element elementor-element-0aef885 e-con-full e-flex e-con e-parent\" data-id=\"0aef885\" data-element_type=\"container\">\n\t\t\t\t<div class=\"elementor-element elementor-element-2c985d2 elementor-widget elementor-widget-about\" data-id=\"2c985d2\" data-element_type=\"widget\" data-widget_type=\"about.default\">\n\t\t\t\t<div class=\"elementor-widget-container\">\n\t\t\t\t\t\r\n<!-- \"about-company area start -->\r\n<section class=\"about-company section-space rr-el-section\">\r\n    <div class=\"container\">\r\n        <div class=\"row\">\r\n                        <div class=\"col-lg-6\">\r\n                <div class=\"about-company__media\">\r\n                                                            <div class=\"about-company__thumb-1 wow clip-a-z\">\r\n                        <img decoding=\"async\" src=\"https:\/\/orqueahomefinish.com\/wp-content\/uploads\/2025\/11\/Mother-child-6.png\" alt=\"\">\r\n                    <\/div>\r\n                                                            <div class=\"about-company__thumb-2 wow clip-a-z\">\r\n                        <img decoding=\"async\" src=\"https:\/\/orqueahomefinish.com\/wp-content\/uploads\/2025\/11\/pivot-doors-off-axed-59.png\" alt=\"\">\r\n                    <\/div>\r\n                    \r\n                    <div class=\"about-company__customer rr-el-experience-box\">\r\n                        <h2><span class=\"odometer rr-el-experience-text\"\r\n                                data-count=\"70\">0<\/span>%\r\n                        <\/h2>\r\n                                                <h6 class=\"rr-rp-experience rr-el-experience-text\">\r\n                            Happy <br> Customer                        <\/h6>\r\n                                            <\/div>\r\n                <\/div>\r\n            <\/div>\r\n                        <div class=\"col-lg-6\">\r\n                <div class=\"about-company__content\">\r\n\r\n                                        <div class=\"section__title-wrapper mb-50 mb-xs-35\">\r\n                                                <span\r\n                            class=\"section__subtitle rr-el-sub-title\">\u00c0 propos de nous<\/span>\r\n                                                <h2 class=\"section__title mb-25 rr-el-title\">Chez ORQUEA Maison &amp; Finition<\/h2>                                                <p class=\"mb-0 rr-el-desc\">Nous allions design moderne et fabrication d'aluminium de la plus haute qualit\u00e9.\n\nGr\u00e2ce \u00e0 notre partenariat direct avec des usines de production de premier plan, nous vous offrons\u00a0:\n\nNotre \u00e9troite collaboration avec les fabricants nous permet de vous proposer des avantages exclusifs, des mat\u00e9riaux haut de gamme, une durabilit\u00e9 exceptionnelle et des finitions irr\u00e9prochables, tout en respectant votre budget.<\/p>\r\n                                            <\/div>\r\n                                        <div class=\"about-company__wrapper\">\r\n                                                <div class=\"about-company__box\">\r\n                            <div class=\"circle\">\r\n                                                                <div class=\"logo\">\r\n                                    <img decoding=\"async\" src=\"https:\/\/orqueahomefinish.com\/wp-content\/uploads\/2024\/09\/logo.png\"\r\n                                        alt=\"\">\r\n                                <\/div>\r\n                                                                <div class=\"circle-text rr-el-circle\">\r\n                                                                    <\/div>\r\n                            <\/div>\r\n                        <\/div>\r\n                                                <ul>\r\n                                                                                    <li class=\"rr-el-list\">\r\n                                <span>\r\n                                    <svg width=\"14\" height=\"10\" viewBox=\"0 0 14 10\" fill=\"none\"\r\n                                        xmlns=\"http:\/\/www.w3.org\/2000\/svg\">\r\n                                        <path d=\"M13 1L4.75 9L1 5.36364\" stroke=\"#906E50\" stroke-width=\"1.5\"\r\n                                            stroke-linecap=\"round\" stroke-linejoin=\"round\" \/>\r\n                                    <\/svg>\r\n                                <\/span>\r\n                                Portes et fen\u00eatres en aluminium haute performance                            <\/li>\r\n                                                                                                                <li class=\"rr-el-list\">\r\n                                <span>\r\n                                    <svg width=\"14\" height=\"10\" viewBox=\"0 0 14 10\" fill=\"none\"\r\n                                        xmlns=\"http:\/\/www.w3.org\/2000\/svg\">\r\n                                        <path d=\"M13 1L4.75 9L1 5.36364\" stroke=\"#906E50\" stroke-width=\"1.5\"\r\n                                            stroke-linecap=\"round\" stroke-linejoin=\"round\" \/>\r\n                                    <\/svg>\r\n                                <\/span>\r\n                                Am\u00e9nagements int\u00e9rieurs sur mesure                            <\/li>\r\n                                                                                                                <li class=\"rr-el-list\">\r\n                                <span>\r\n                                    <svg width=\"14\" height=\"10\" viewBox=\"0 0 14 10\" fill=\"none\"\r\n                                        xmlns=\"http:\/\/www.w3.org\/2000\/svg\">\r\n                                        <path d=\"M13 1L4.75 9L1 5.36364\" stroke=\"#906E50\" stroke-width=\"1.5\"\r\n                                            stroke-linecap=\"round\" stroke-linejoin=\"round\" \/>\r\n                                    <\/svg>\r\n                                <\/span>\r\n                                Cuisines, salles de bains et dressings                            <\/li>\r\n                                                                                                                <li class=\"rr-el-list\">\r\n                                <span>\r\n                                    <svg width=\"14\" height=\"10\" viewBox=\"0 0 14 10\" fill=\"none\"\r\n                                        xmlns=\"http:\/\/www.w3.org\/2000\/svg\">\r\n                                        <path d=\"M13 1L4.75 9L1 5.36364\" stroke=\"#906E50\" stroke-width=\"1.5\"\r\n                                            stroke-linecap=\"round\" stroke-linejoin=\"round\" \/>\r\n                                    <\/svg>\r\n                                <\/span>\r\n                                Structures ext\u00e9rieures telles que pergolas et d\u00f4mes                            <\/li>\r\n                                                                                <\/ul>\r\n                    <\/div>\r\n                                        <a href=\"https:\/\/orqueahomefinish.com\/index.php\/contact\/\" class=\"rr-btn rr-el-btn\">\r\n                        <span class=\"btn-wrap\">\r\n                            <span class=\"text-one\">En savoir plus                                <svg width=\"12\" height=\"13\" viewBox=\"0 0 12 13\" fill=\"none\"\r\n                                    xmlns=\"http:\/\/www.w3.org\/2000\/svg\">\r\n                                    <path d=\"M1 6.5H11\" stroke=\"white\" stroke-width=\"1.5\" stroke-linecap=\"round\"\r\n                                        stroke-linejoin=\"round\" \/>\r\n                                    <path d=\"M6 1.5L11 6.5L6 11.5\" stroke=\"white\" stroke-width=\"1.5\"\r\n                                        stroke-linecap=\"round\" stroke-linejoin=\"round\" \/>\r\n                                <\/svg>\r\n                            <\/span>\r\n                            <span class=\"text-two\">En savoir plus                                <svg width=\"12\" height=\"13\" viewBox=\"0 0 12 13\" fill=\"none\"\r\n                                    xmlns=\"http:\/\/www.w3.org\/2000\/svg\">\r\n                                    <path d=\"M1 6.5H11\" stroke=\"white\" stroke-width=\"1.5\" stroke-linecap=\"round\"\r\n                                        stroke-linejoin=\"round\" \/>\r\n                                    <path d=\"M6 1.5L11 6.5L6 11.5\" stroke=\"white\" stroke-width=\"1.5\"\r\n                                        stroke-linecap=\"round\" stroke-linejoin=\"round\" \/>\r\n                                <\/svg>\r\n                            <\/span>\r\n                        <\/span>\r\n                    <\/a>\r\n                                    <\/div>\r\n            <\/div>\r\n        <\/div>\r\n    <\/div>\r\n<\/section>\r\n<!-- \"about-company area end -->\r\n\t\t\t\t<\/div>\n\t\t\t\t<\/div>\n\t\t\t\t<\/div>\n\t\t<div class=\"elementor-element elementor-element-6447060 e-con-full e-flex e-con e-parent\" data-id=\"6447060\" data-element_type=\"container\">\n\t\t\t\t<div class=\"elementor-element elementor-element-931dcfb elementor-widget elementor-widget-rr-fact\" data-id=\"931dcfb\" data-element_type=\"widget\" data-widget_type=\"rr-fact.default\">\n\t\t\t\t<div class=\"elementor-widget-container\">\n\t\t\t\t\t\r\n\r\n<!-- experience start -->\r\n<section class=\"experience\" data-background=\"https:\/\/orqueahomefinish.com\/wp-content\/uploads\/2024\/09\/experience-bg.jpg\">\r\n    <div class=\"container\">\r\n        <div class=\"experience__item-wrapper\">\r\n                        <div class=\"experience__item\">\r\n                <div class=\"experience__item-content\">\r\n                    <div class=\"experience__item-content-icon\">\r\n                                                                        <span>\r\n                            <img decoding=\"async\" src=\"https:\/\/wp.rrdevs.net\/artima\/wp-content\/uploads\/2024\/09\/Vector-2.png\"\r\n                                alt=\"\">\r\n                        <\/span>\r\n                                                                    <\/div>\r\n                    <div class=\"experience__item-content-text\">\r\n                                                <h6 class=\"title-animation\">Years Of Experience<\/h6>\r\n                                                <h2><span class=\"odometer\"\r\n                                data-count=\"23\">0<\/span>+                        <\/h2>\r\n                    <\/div>\r\n                <\/div>\r\n            <\/div>\r\n                        <div class=\"experience__item\">\r\n                <div class=\"experience__item-content\">\r\n                    <div class=\"experience__item-content-icon\">\r\n                                                                        <span>\r\n                            <img decoding=\"async\" src=\"https:\/\/wp.rrdevs.net\/artima\/wp-content\/uploads\/2024\/09\/Group-2.png\"\r\n                                alt=\"\">\r\n                        <\/span>\r\n                                                                    <\/div>\r\n                    <div class=\"experience__item-content-text\">\r\n                                                <h6 class=\"title-animation\">Success Projects<\/h6>\r\n                                                <h2><span class=\"odometer\"\r\n                                data-count=\"45\">0<\/span>+                        <\/h2>\r\n                    <\/div>\r\n                <\/div>\r\n            <\/div>\r\n                        <div class=\"experience__item\">\r\n                <div class=\"experience__item-content\">\r\n                    <div class=\"experience__item-content-icon\">\r\n                                                                        <span>\r\n                            <img decoding=\"async\" src=\"https:\/\/wp.rrdevs.net\/artima\/wp-content\/uploads\/2024\/09\/icon-4.png\"\r\n                                alt=\"\">\r\n                        <\/span>\r\n                                                                    <\/div>\r\n                    <div class=\"experience__item-content-text\">\r\n                                                <h6 class=\"title-animation\">Team Members<\/h6>\r\n                                                <h2><span class=\"odometer\"\r\n                                data-count=\"129\">0<\/span>+                        <\/h2>\r\n                    <\/div>\r\n                <\/div>\r\n            <\/div>\r\n                        <div class=\"experience__item\">\r\n                <div class=\"experience__item-content\">\r\n                    <div class=\"experience__item-content-icon\">\r\n                                                                        <span>\r\n                            <img decoding=\"async\" src=\"https:\/\/wp.rrdevs.net\/artima\/wp-content\/uploads\/2024\/09\/icon-3.png\"\r\n                                alt=\"\">\r\n                        <\/span>\r\n                                                                    <\/div>\r\n                    <div class=\"experience__item-content-text\">\r\n                                                <h6 class=\"title-animation\">Clients Satisfactions<\/h6>\r\n                                                <h2><span class=\"odometer\"\r\n                                data-count=\"129\">0<\/span>+                        <\/h2>\r\n                    <\/div>\r\n                <\/div>\r\n            <\/div>\r\n                    <\/div>\r\n    <\/div>\r\n<\/section>\r\n<!-- experience end -->\r\n\t\t\t\t<\/div>\n\t\t\t\t<\/div>\n\t\t\t\t<\/div>\n\t\t<div class=\"elementor-element elementor-element-425ad05 e-con-full e-flex e-con e-parent\" data-id=\"425ad05\" data-element_type=\"container\">\n\t\t\t\t<div class=\"elementor-element elementor-element-429b8f7 elementor-widget elementor-widget-features\" data-id=\"429b8f7\" data-element_type=\"widget\" data-widget_type=\"features.default\">\n\t\t\t\t<div class=\"elementor-widget-container\">\n\t\t\t\t\t\r\n<!-- \"why-choose-us-2 area start -->\r\n<section class=\"why-choose-us-2 rr-el-section\">\r\n    <div class=\"container\">\r\n        <div class=\"row align-items-center\">\r\n            <div class=\"col-lg-6\">\r\n                <div class=\"why-choose-us-2__media \">\r\n                                            <img decoding=\"async\" class=\"wow clip-a-z\"  src=\"https:\/\/orqueahomefinish.com\/wp-content\/uploads\/2025\/11\/Mother-child-22.png\" alt=\"\">\r\n                                    <\/div>\r\n            <\/div>\r\n\r\n            <div class=\"col-lg-6\">\r\n                <div class=\"why-choose-us-2__content \">\r\n                    <div class=\"section__title-wrapper mb-50\">\r\n                        <span\r\n                            class=\"section__subtitle rr-el-sub-title\"><\/span>\r\n                        <h2 class=\"section__title title-animation rr-el-re-Title\">SCENARIOS D \u2019 APPLICATION<\/h2>                    <\/div>\r\n                                        <div class=\"why-choose-us-2__item\">\r\n                        <div class=\"why-choose-us-2__icon\">\r\n                                                        <img decoding=\"async\" src=\"https:\/\/orqueahomefinish.com\/wp-content\/uploads\/2025\/11\/Artboard-14@4x.png\"\r\n                                alt=\"\">\r\n                                                    <\/div>\r\n\r\n                        <div class=\"why-choose-us-2__text\">\r\n                            <h6 class=\"mb-10 title-animation rr-el-rp-title\">Zone commerciale<\/h6>\r\n                            <p class=\"mb-0 rr-el-rp-desc\"><\/p>\r\n                        <\/div>\r\n                    <\/div>\r\n                                        <div class=\"why-choose-us-2__item\">\r\n                        <div class=\"why-choose-us-2__icon\">\r\n                                                        <img decoding=\"async\" src=\"https:\/\/orqueahomefinish.com\/wp-content\/uploads\/2025\/11\/Artboard-16@4x.png\"\r\n                                alt=\"\">\r\n                                                    <\/div>\r\n\r\n                        <div class=\"why-choose-us-2__text\">\r\n                            <h6 class=\"mb-10 title-animation rr-el-rp-title\">residence haut de gamme<\/h6>\r\n                            <p class=\"mb-0 rr-el-rp-desc\"><\/p>\r\n                        <\/div>\r\n                    <\/div>\r\n                                        <div class=\"why-choose-us-2__item\">\r\n                        <div class=\"why-choose-us-2__icon\">\r\n                                                        <img decoding=\"async\" src=\"https:\/\/orqueahomefinish.com\/wp-content\/uploads\/2025\/11\/Artboard-15@4x.png\"\r\n                                alt=\"\">\r\n                                                    <\/div>\r\n\r\n                        <div class=\"why-choose-us-2__text\">\r\n                            <h6 class=\"mb-10 title-animation rr-el-rp-title\">Espace de bureau<\/h6>\r\n                            <p class=\"mb-0 rr-el-rp-desc\"><\/p>\r\n                        <\/div>\r\n                    <\/div>\r\n                                        <div class=\"why-choose-us-2__item\">\r\n                        <div class=\"why-choose-us-2__icon\">\r\n                                                        <img decoding=\"async\" src=\"https:\/\/orqueahomefinish.com\/wp-content\/uploads\/2025\/11\/Artboard-17@4x.png\"\r\n                                alt=\"\">\r\n                                                    <\/div>\r\n\r\n                        <div class=\"why-choose-us-2__text\">\r\n                            <h6 class=\"mb-10 title-animation rr-el-rp-title\">grand balcon<\/h6>\r\n                            <p class=\"mb-0 rr-el-rp-desc\"><\/p>\r\n                        <\/div>\r\n                    <\/div>\r\n                                    <\/div>\r\n            <\/div>\r\n        <\/div>\r\n    <\/div>\r\n<\/section>\r\n<!-- \"why-choose-us-2 area end -->\r\n\t\t\t\t<\/div>\n\t\t\t\t<\/div>\n\t\t\t\t<\/div>\n\t\t\t\t<\/div>\n\t\t","protected":false},"excerpt":{"rendered":"<p>\u00c0 propos de nous 0% Happy Customer \u00c0 propos de nous Chez ORQUEA Maison &amp; Finition Nous allions design moderne et fabrication d&#8217;aluminium de la plus haute qualit\u00e9. Gr\u00e2ce \u00e0 notre partenariat direct avec des usines de production de premier plan, nous vous offrons\u00a0: Notre \u00e9troite collaboration avec les fabricants nous permet de vous proposer [&hellip;]<\/p>\n","protected":false},"author":1,"featured_media":0,"parent":0,"menu_order":0,"comment_status":"closed","ping_status":"closed","template":"elementor_header_footer","meta":{"footnotes":""},"class_list":["post-489","page","type-page","status-publish","hentry"],"jetpack_sharing_enabled":true,"_links":{"self":[{"href":"https:\/\/orqueahomefinish.com\/index.php\/wp-json\/wp\/v2\/pages\/489","targetHints":{"allow":["GET"]}}],"collection":[{"href":"https:\/\/orqueahomefinish.com\/index.php\/wp-json\/wp\/v2\/pages"}],"about":[{"href":"https:\/\/orqueahomefinish.com\/index.php\/wp-json\/wp\/v2\/types\/page"}],"author":[{"embeddable":true,"href":"https:\/\/orqueahomefinish.com\/index.php\/wp-json\/wp\/v2\/users\/1"}],"replies":[{"embeddable":true,"href":"https:\/\/orqueahomefinish.com\/index.php\/wp-json\/wp\/v2\/comments?post=489"}],"version-history":[{"count":19,"href":"https:\/\/orqueahomefinish.com\/index.php\/wp-json\/wp\/v2\/pages\/489\/revisions"}],"predecessor-version":[{"id":4548,"href":"https:\/\/orqueahomefinish.com\/index.php\/wp-json\/wp\/v2\/pages\/489\/revisions\/4548"}],"wp:attachment":[{"href":"https:\/\/orqueahomefinish.com\/index.php\/wp-json\/wp\/v2\/media?parent=489"}],"curies":[{"name":"wp","href":"https:\/\/api.w.org\/{rel}","templated":true}]}}